{"id":14,"date":"2026-02-08T18:22:49","date_gmt":"2026-02-08T18:22:49","guid":{"rendered":"https:\/\/kuretas.com.tr\/?page_id=14"},"modified":"2026-02-08T22:07:48","modified_gmt":"2026-02-08T19:07:48","slug":"hakkimizda","status":"publish","type":"page","link":"https:\/\/kuretas.com.tr\/?page_id=14","title":{"rendered":"Hakk\u0131m\u0131zda"},"content":{"rendered":"\n<p>\u00d6ncelikle web sitemizi ziyaret ederek bize zaman ay\u0131rman\u0131zdan dolay\u0131 duydu\u011fumuz memnuniyeti payla\u015f\u0131yor, sizleri sevgi ve sayg\u0131yla selaml\u0131yoruz.<\/p>\n\n\n\n<p>T\u00fcrkiye\u2019de in\u015faat sekt\u00f6r\u00fcn\u00fcn geli\u015fimi ile ba\u015flayan 1996 YILINDAN g\u00fcn\u00fcm\u00fcze devam eden s\u00fcre\u00e7te K\u00dcRETA\u015e Yap\u0131 \u0130n\u015faat M\u00fcteahhitlik olarak &nbsp;Meko Yap\u0131&#8217; y\u0131 2010 y\u0131l\u0131nda kurarak sekt\u00f6r\u00fcn \u00f6nc\u00fc ve lider firmalar\u0131 aras\u0131nda yerini alm\u0131\u015ft\u0131r. Geride b\u0131rakt\u0131\u011f\u0131m\u0131z 21 y\u0131l s\u00fcresince gurur duyaca\u011f\u0131m\u0131z ve sekt\u00f6rde ses getiren \u00e7al\u0131\u015fmalara imza atm\u0131\u015f olman\u0131n mutlulu\u011funu ya\u015f\u0131yoruz. K\u00dcRETA\u015e Yap\u0131 \u0130n\u015faat M\u00fcteahhitlik olarak en \u00f6nemli mottomuz, sadece in\u015faat yapm\u0131yoruz i\u00e7ine ya\u015fam\u0131 da kat\u0131yoruz \u015feklindedir.&nbsp;<br><br>Uluslararas\u0131 deneyimlerimiz ve standartlar\u0131 de\u011fi\u015ftiren proje anlay\u0131\u015f\u0131m\u0131zla pek \u00e7ok farkl\u0131 alanda ya\u015fam projeleri ger\u00e7ekle\u015ftiriyoruz. Yenilik\u00e7i bak\u0131\u015f a\u00e7\u0131m\u0131z, y\u00fcksek kalite ilkelerimiz, \u00e7evre ve insan ya\u015fam\u0131na duydu\u011fumuz sorumluluk bilinci ile K\u00dcRETA\u015e Yap\u0131 \u0130n\u015faat M\u00fcteahhitlik olarak de\u011fi\u015fmez ilkelerini hayata ge\u00e7irdi\u011fimiz t\u00fcm projelerimizde \u00f6nceliklerimiz aras\u0131nda bulunduruyoruz. Bizler, ya\u015fama de\u011fer katmak i\u00e7in i\u015fimizin ba\u015f\u0131nday\u0131z.<\/p>\n\n\n\n<p>\u0130nsan i\u00e7in, ya\u015fam i\u00e7in&#8230;<\/p>\n\n\n\n<p>Al\u0131\u015f\u0131lm\u0131\u015f\u0131n d\u0131\u015f\u0131nda projelerimizle, \u015fehir i\u00e7inde yeni de\u011ferler yaratan farkl\u0131 ya\u015fam merkezleri ger\u00e7ekle\u015ftirmek, yeni ya\u015fam alanlar\u0131n\u0131 hayata katmak i\u00e7in \u00e7al\u0131\u015f\u0131yoruz. Yolumuzda ilerlerken do\u011fal dengeyi koruyan, yaratt\u0131\u011f\u0131m\u0131z e\u015fsiz \u00e7evre d\u00fczeniyle yat\u0131r\u0131m yapt\u0131\u011f\u0131m\u0131z alanlara de\u011fer katan, de\u011ferini artt\u0131ran ve daima t\u00fcm yat\u0131r\u0131mlar\u0131m\u0131zda standartlar\u0131 y\u00fckseltmeyi hedefleyen bir vizyona sahibiz. Sahip oldu\u011fumuz bu vizyonu sekt\u00f6r\u00fcm\u00fczde fark yaratan bir misyon ile birle\u015ftiriyoruz. Kurumsal sayg\u0131nl\u0131\u011f\u0131m\u0131z ve g\u00fc\u00e7l\u00fc finansal yap\u0131m\u0131zla yat\u0131r\u0131m yapaca\u011f\u0131m\u0131z her proje alan\u0131n\u0131, sekt\u00f6rdeki en uygun de\u011ferle sat\u0131n al\u0131yoruz. Ger\u00e7ekle\u015ftirdi\u011fimiz b\u00fcy\u00fck projelerle konut maliyetini en aza indiriyor ve e\u015fine ancak geli\u015fmi\u015f \u00fclkelerde rastlanan farkl\u0131 mimari \u00e7\u00f6z\u00fcmler sunarak, T\u00fcrkiye&#8217;de ilk kez ya\u015fam projelerinde ileri teknoloji olanaklar\u0131 sa\u011fl\u0131yoruz. Bu \u00f6zel misyonumuzla hem ya\u015fam kalitesini y\u00fckseltiyor, hem de daha \u00f6nce \u00f6rne\u011fi g\u00f6r\u00fclmemi\u015f bi\u00e7imde konut sahibi olmay\u0131 kolayla\u015ft\u0131r\u0131yoruz. Biz herkesin en az\u0131ndan bir ev sahibi olma hakk\u0131na sonuna kadar inan\u0131yor ve bu y\u00f6nde \u00e7al\u0131\u015f\u0131yoruz.<\/p>\n\n\n\n<p>\u0130n\u015faat sekt\u00f6r\u00fcn\u00fcn T\u00fcrkiye\u2019de bug\u00fcn ula\u015ft\u0131\u011f\u0131 nokta b\u00fcy\u00fck bir ba\u015far\u0131d\u0131r. Sekt\u00f6r\u00fcm\u00fcz en \u00f6nemli ve lokomotif sekt\u00f6rlerden biri haline gelerek T\u00fcrkiye ekonomisine b\u00fcy\u00fck ve \u00f6nemli katk\u0131lar sa\u011flam\u0131\u015ft\u0131r. Gelece\u011fi daha da parlak olan in\u015faat sekt\u00f6r\u00fcnde k\u00f6kl\u00fc ve g\u00fc\u00e7l\u00fc firmalar\u0131n hayata ge\u00e7irdi\u011fi projeler b\u00fcy\u00fck ilgi g\u00f6rmektedir. Biz, K\u00dcRETA\u015e Yap\u0131 \u0130n\u015faat M\u00fcteahhitlik olarak projelerimizde kaliteyi, konforu, l\u00fcks\u00fc ve en ince ayr\u0131nt\u0131lar\u0131 m\u00fc\u015fterilerimize sunarken geride b\u0131rakt\u0131\u011f\u0131m\u0131z 21 y\u0131l s\u00fcresince olu\u015fturdu\u011fumuz g\u00fcven ile yolumuza devam ediyoruz.K\u00dcRETA\u015e Yap\u0131 \u0130n\u015faat M\u00fcteahhitlik olarak Ortaklar Sitesi , Birlik Sitesi , Armada Sitesi , Gazi Sitesi , Atakent Evleri Sitesi , Billurkent Sitesi , Atazade Konutlar\u0131 , Koru Seyran Evleri ve Korul\u0131fe Evleri ile Meko Yap\u0131 olarak hayata ge\u00e7irdi\u011fimiz Atakum R\u00fcyam Evleri Panorama Evleri Korupark Evleri ve Korupark Evleri 2 ve Korupark 3 Olarak Korupr\u0131me evleri ile Korupark 4 olarak Koru\u015fehir Evlerinede devam ederek gelecekte ad\u0131ndan s\u00f6z ettirecek yeni projeler i\u00e7inde \u00e7al\u0131\u015fmalar\u0131m\u0131z h\u0131zl\u0131 bir \u015fekilde devam etmektedir..<\/p>\n\n\n\n<p>Samsun\u2019un \u00f6zel sekt\u00f6rde ger\u00e7ekle\u015ftirilen en b\u00fcy\u00fck projesi olan KORUPARK EVLER\u0130 1 ve 2 yi bitiren 3 ve 4. Etab\u0131n\u0131n \u0130n\u015faat\u0131na devam eden Toplamda 29 Blok 1850 Dairelik bu DEV PROJEY\u0130 \u00a0Samsun\u2019a kazand\u0131rmak i\u00e7in \u00e7al\u0131\u015f\u0131yoruz. \u00d6zellikle belirtmek isteriz ki, m\u00fc\u015fterilerimizin bize duydu\u011fu g\u00fcveni g\u00f6rmek, g\u00f6rd\u00fc\u011f\u00fcm\u00fcz b\u00fcy\u00fck ilgi ve talep, bildirilen g\u00f6r\u00fc\u015fler bizim h\u0131z kesmeden vites b\u00fcy\u00fcterek ilerlememiz i\u00e7in en b\u00fcy\u00fck deste\u011fimizdir.\u00a0<br><br>K\u00dcRETA\u015e Yap\u0131 \u0130n\u015faat M\u00fcteahhitlik olarak, gelece\u011fi \u00f6ng\u00f6ren y\u00f6netim anlay\u0131\u015f\u0131m\u0131z, yap\u0131 alan\u0131nda uluslararas\u0131 uzmanl\u0131\u011fa sahip kadromuz ve deneyimli i\u015fg\u00fcc\u00fcm\u00fczle T\u00fcrkiye&#8217;nin gelece\u011fine yat\u0131r\u0131m yapmaya devam edece\u011fiz.\u00a0<br><br>Ya\u015fama de\u011fer katmak i\u00e7in i\u015f ba\u015f\u0131nday\u0131z&#8230;<\/p>\n","protected":false},"excerpt":{"rendered":"<p>\u00d6ncelikle web sitemizi ziyaret ederek bize zaman ay\u0131rman\u0131zdan dolay\u0131 duydu\u011fumuz memnuniyeti payla\u015f\u0131yor, sizleri sevgi ve sayg\u0131yla selaml\u0131yoruz. T\u00fcrkiye\u2019de in\u015faat sekt\u00f6r\u00fcn\u00fcn geli\u015fimi ile ba\u015flayan 1996 YILINDAN g\u00fcn\u00fcm\u00fcze devam eden s\u00fcre\u00e7te K\u00dcRETA\u015e Yap\u0131 \u0130n\u015faat M\u00fcteahhitlik olarak &nbsp;Meko Yap\u0131&#8217; y\u0131 2010 y\u0131l\u0131nda kurarak sekt\u00f6r\u00fcn \u00f6nc\u00fc ve lider firmalar\u0131 aras\u0131nda yerini alm\u0131\u015ft\u0131r. Geride b\u0131rakt\u0131\u011f\u0131m\u0131z 21 y\u0131l s\u00fcresince gurur duyaca\u011f\u0131m\u0131z [&hellip;]<\/p>\n","protected":false},"author":1,"featured_media":0,"parent":0,"menu_order":0,"comment_status":"closed","ping_status":"closed","template":"","meta":{"footnotes":""},"class_list":["post-14","page","type-page","status-publish","hentry"],"_links":{"self":[{"href":"https:\/\/kuretas.com.tr\/index.php?rest_route=\/wp\/v2\/pages\/14","targetHints":{"allow":["GET"]}}],"collection":[{"href":"https:\/\/kuretas.com.tr\/index.php?rest_route=\/wp\/v2\/pages"}],"about":[{"href":"https:\/\/kuretas.com.tr\/index.php?rest_route=\/wp\/v2\/types\/page"}],"author":[{"embeddable":true,"href":"https:\/\/kuretas.com.tr\/index.php?rest_route=\/wp\/v2\/users\/1"}],"replies":[{"embeddable":true,"href":"https:\/\/kuretas.com.tr\/index.php?rest_route=%2Fwp%2Fv2%2Fcomments&post=14"}],"version-history":[{"count":2,"href":"https:\/\/kuretas.com.tr\/index.php?rest_route=\/wp\/v2\/pages\/14\/revisions"}],"predecessor-version":[{"id":31,"href":"https:\/\/kuretas.com.tr\/index.php?rest_route=\/wp\/v2\/pages\/14\/revisions\/31"}],"wp:attachment":[{"href":"https:\/\/kuretas.com.tr\/index.php?rest_route=%2Fwp%2Fv2%2Fmedia&parent=14"}],"curies":[{"name":"wp","href":"https:\/\/api.w.org\/{rel}","templated":true}]}}